{"id":290,"date":"2022-08-18T13:48:19","date_gmt":"2022-08-18T17:48:19","guid":{"rendered":"https:\/\/eve.zenzen1.com\/?page_id=290"},"modified":"2024-04-16T12:33:17","modified_gmt":"2024-04-16T16:33:17","slug":"learn-more","status":"publish","type":"page","link":"https:\/\/sexualassaultresponse.com\/es\/learn-more\/","title":{"rendered":"Learn More"},"content":{"rendered":"<p>El Capital Area Sexual Assault Response Team es uno de los muchos equipos de respuesta en todo el Estado de Michigan y los Estados Unidos. Los Equipos de Respuesta a la Agresi\u00f3n Sexual (o SART, por sus siglas en ingl\u00e9s) a menudo se forman con el prop\u00f3sito de coordinar las diferentes intersecciones entre varios sistemas que un sobreviviente puede elegir para participar despu\u00e9s de una agresi\u00f3n sexual. Los SART suelen estar formados por defensores de la comunidad, personal m\u00e9dico, agentes del orden p\u00fablico y fiscales.<\/p>\n<p>Los servicios comunitarios espec\u00edficos para sobrevivientes de violencia sexual est\u00e1n disponibles, sin embargo, reconocemos que involucrarse con estos sistemas a veces puede ser abrumador, raz\u00f3n por la cual los SART trabajan juntos para ayudar a los sobrevivientes a navegar por estos sistemas y mejorar sus experiencias en la b\u00fasqueda de recursos de ayuda y sanaci\u00f3n. Los SART se centran en dar prioridad a las necesidades de los supervivientes y en responsabilizar a los agresores de sus actos. Los SART tambi\u00e9n trabajan para proporcionar educaci\u00f3n sobre la violencia sexual a las comunidades a las que sirven y compartir informaci\u00f3n sobre c\u00f3mo conectar a los supervivientes con apoyos adicionales.<\/p>\n<p>SARTs are tasked with building relationships amongst service providers who engage with survivors of sexual violence to gain a deeper understanding of each profession&#8217;s individual roles and responsibilities as responders. SARTs share information and resources on sexual violence and work together to identify gaps in service delivery in their community. SARTs work to increase community safety by keeping the focus of these crimes on offenders and ensuring the right and choice to report these crimes remains with the survivor.<\/p>\n<p>Para m\u00e1s informaci\u00f3n sobre los SART y su respuesta a la violencia sexual, visite el Centro Nacional de Recursos contra la Violencia Sexual (NSRVC) en <u><a href=\"https:\/\/www.nsvrc.org\/\" target=\"_blank\" rel=\"noopener\">https:\/\/www.nsvrc.org\/<\/a><\/u>.<\/p>\n<p>Para conocer a nuestro equipo de dedicados profesionales que trabajan para ayudar a los supervivientes de la violencia sexual en la zona de Greater Lansing, visite nuestro <u><a href=\"https:\/\/sexualassaultresponse.com\/es\/team\/\">Meet Our Team Page<\/a><\/u>.<\/p>\n\t<h3>&#8220;Collaboration strengthens the response of individual agencies and unites them into a coordinated team approach. No one agency can successfully handle all aspects of a sexual assault. Each agency is important and has its strengths and limitations. Effective multidisciplinary teams generate a stronger response and produce more effective outcomes for the victim and the criminal justice system.&#8221;<\/h3>\n<p>&#8211; National Sexual Violence Resource Center<\/p>\n\t<h3><strong>Informes trimestrales<\/strong><\/h3>\n<p>Con el fin de promover la transparencia y rendir cuentas a la comunidad a la que CASART presta sus servicios, el equipo publicar\u00e1 informes trimestrales sobre los avances de CASART en la consecuci\u00f3n de sus objetivos.<\/p>\n<p><a href=\"https:\/\/sexualassaultresponse.com\/wp-content\/uploads\/2023\/10\/CASART-Quarterly-Report-July-Sept-2023.pdf\">CASART Quarterly Report, July &#8211; Sept 2023<\/a><\/p>\n<p><a href=\"https:\/\/sexualassaultresponse.com\/wp-content\/uploads\/2024\/01\/CASART-Quarterly-Report-Oct-Dec-2023.pdf\">CASART Quarterly Report, Oct &#8211; Dec 2023<\/a><\/p>\n<p><a href=\"https:\/\/sexualassaultresponse.com\/wp-content\/uploads\/2024\/04\/CASART-Quarterly-Report-Jan-March-2024.pdf\">CASART Quarterly Report, Jan &#8211; March 2024<\/a><\/p>","protected":false},"excerpt":{"rendered":"<p>The Capital Area Sexual Assault Response Team is one of many response teams across the State of Michigan and the United States. Sexual Assault Response Teams (or SARTs) are often formed for the purpose of coordinating the different intersections across various systems that a survivor may choose to engage in following a sexual assault. SARTs&hellip;<\/p>","protected":false},"author":1,"featured_media":0,"parent":0,"menu_order":0,"comment_status":"closed","ping_status":"closed","template":"","meta":{"_acf_changed":false,"_seopress_robots_primary_cat":"","_seopress_titles_title":"Capital Area Sexual Assault Response Team - Learn More","_seopress_titles_desc":"Providing a competent and multidisciplinary response to sexual assault in our community. CASART is comprised of advocates, healthcare prof...","_seopress_robots_index":"","footnotes":""},"class_list":["post-290","page","type-page","status-publish","hentry"],"acf":[],"_links":{"self":[{"href":"https:\/\/sexualassaultresponse.com\/es\/wp-json\/wp\/v2\/pages\/290","targetHints":{"allow":["GET"]}}],"collection":[{"href":"https:\/\/sexualassaultresponse.com\/es\/wp-json\/wp\/v2\/pages"}],"about":[{"href":"https:\/\/sexualassaultresponse.com\/es\/wp-json\/wp\/v2\/types\/page"}],"author":[{"embeddable":true,"href":"https:\/\/sexualassaultresponse.com\/es\/wp-json\/wp\/v2\/users\/1"}],"replies":[{"embeddable":true,"href":"https:\/\/sexualassaultresponse.com\/es\/wp-json\/wp\/v2\/comments?post=290"}],"version-history":[{"count":5,"href":"https:\/\/sexualassaultresponse.com\/es\/wp-json\/wp\/v2\/pages\/290\/revisions"}],"predecessor-version":[{"id":571,"href":"https:\/\/sexualassaultresponse.com\/es\/wp-json\/wp\/v2\/pages\/290\/revisions\/571"}],"wp:attachment":[{"href":"https:\/\/sexualassaultresponse.com\/es\/wp-json\/wp\/v2\/media?parent=290"}],"curies":[{"name":"wp","href":"https:\/\/api.w.org\/{rel}","templated":true}]}}