{"id":248,"date":"2022-08-18T12:41:37","date_gmt":"2022-08-18T16:41:37","guid":{"rendered":"https:\/\/eve.zenzen1.com\/?page_id=248"},"modified":"2024-08-15T12:50:55","modified_gmt":"2024-08-15T16:50:55","slug":"home","status":"publish","type":"page","link":"https:\/\/sexualassaultresponse.com\/es\/","title":{"rendered":"P\u00e1gina de inicio"},"content":{"rendered":"<h1>\n\t\tBienvenido al Equipo de Respuesta ante Agresiones Sexuales (SART) del \u00c1rea Capital\n\t<\/h1>\n\t<p>El Capital Area Sexual Assault Response Team es un equipo de colaboraci\u00f3n multidisciplinar formado por profesionales especialmente formados de las fuerzas del orden, la fiscal\u00eda, la defensa de la comunidad y la enfermer\u00eda forense, que trabajan para capacitar a los supervivientes y responder a los delitos de violencia sexual en el \u00e1rea metropolitana de Lansing. Creemos en los supervivientes y estamos aqu\u00ed para apoyar y conectar a los afectados por la violencia sexual con los recursos disponibles en la comunidad.<\/p>\n\t\t\t<a href=\"https:\/\/sexualassaultresponse.com\/es\/resource-tool\/\" target=\"_self\" rel=\"noopener\">\n\t\t\t\t\t\t\tEncuentre la ayuda que necesita\n\t\t\t\t\t<\/a>\n<h3>\n\t\t<a href=\"https:\/\/sexualassaultresponse.com\/es\/about-us\/\" title=\"Misi\u00f3n\" target=\"_self\" rel=\"noopener\">\n\t\tMisi\u00f3n\n\t\t<\/a>\n\t<\/h3>\n\t<p>CASART es un grupo de colaboraci\u00f3n de organizaciones e individuos en el \u00e1rea de Greater Lansing que est\u00e1n involucrados en la prestaci\u00f3n de servicios, apoyo y defensa relacionados con el asalto sexual y los sobrevivientes. CASART ayuda a coordinar los servicios, identificar y abordar las lagunas y barreras que enfrentan los sobrevivientes de asalto sexual, e identificar y promover las mejores pr\u00e1cticas y la atenci\u00f3n basada en la evidencia, trauma-informado, y centrado en el sobreviviente.<\/p>\n<h3>\n\t\t<a href=\"https:\/\/sexualassaultresponse.com\/es\/team\/\" title=\"Conoce al equipo\" target=\"_self\" rel=\"noopener\">\n\t\tConoce al equipo\n\t\t<\/a>\n\t<\/h3>\n\t<p>Responder a la violencia sexual a trav\u00e9s de un enfoque centrado en el superviviente y proporcionar a los supervivientes una atenci\u00f3n informada sobre el trauma, manteniendo al mismo tiempo nuestras comunidades a salvo de los delincuentes, es importante para nosotros. Conozca las organizaciones que se dedican a este trabajo todos los d\u00edas en el \u00e1rea de Greater Lansing para ayudar a los sobrevivientes a sanar y mantener nuestras comunidades seguras.<\/p>\n<h3>\n\t\t<a href=\"https:\/\/sexualassaultresponse.com\/es\/sexual-violence-education\/\" title=\"Educaci\u00f3n sobre la violencia sexual\" target=\"_self\" rel=\"noopener\">\n\t\tEducaci\u00f3n sobre la violencia sexual\n\t\t<\/a>\n\t<\/h3>\n\t<p>La violencia sexual afecta a todas las comunidades y puede producirse en cualquier momento de la vida. Para muchas personas, hay una serie de razones por las que puede resultar dif\u00edcil revelar que se ha producido una agresi\u00f3n. Sin embargo, contar con un sistema de apoyo puede marcar una diferencia significativa en el proceso de curaci\u00f3n de una persona. Obtenga m\u00e1s informaci\u00f3n sobre c\u00f3mo apoyar a los supervivientes ahora.<\/p>\n<h2>\n\t\tUtilice nuestra herramienta de recursos en l\u00ednea para obtener la ayuda que necesita.\n\t<\/h2>\n\t<p>Si t\u00fa o alguien que conoces sois supervivientes de la violencia sexual, explora nuestra p\u00e1gina de Recursos para ponerte en contacto con defensores y proveedores de servicios que pueden ayudarte, o visita nuestra p\u00e1gina de educaci\u00f3n para saber m\u00e1s sobre la violencia sexual y c\u00f3mo apoyar a los supervivientes en tu vida.<\/p>\n\t\t\t<a href=\"https:\/\/sexualassaultresponse.com\/es\/resource-tool\/\" target=\"_self\" rel=\"noopener\">\n\t\t\t\t\t\t\tEncuentre la ayuda que necesita\n\t\t\t\t\t<\/a>","protected":false},"excerpt":{"rendered":"<p>Welcome to the Capital Area Sexual Assault Response Team (SART) The Capital Area Sexual Assault Response Team is a multidisciplinary collaborative team made up of specially trained professionals from law enforcement, prosecution, community advocacy and forensic nursing, who work to empower survivors and respond to crimes of sexual violence in the Greater Lansing area. We&hellip;<\/p>","protected":false},"author":1,"featured_media":0,"parent":0,"menu_order":0,"comment_status":"closed","ping_status":"closed","template":"","meta":{"_acf_changed":false,"_seopress_robots_primary_cat":"","_seopress_titles_title":" Capital Area Sexual Assault Response Team - Eve Inc.","_seopress_titles_desc":"Providing a competent and multidisciplinary response to sexual assault in our community. CASART is a collaborative group of organizations and individuals","_seopress_robots_index":"","footnotes":""},"class_list":["post-248","page","type-page","status-publish","hentry"],"acf":[],"_links":{"self":[{"href":"https:\/\/sexualassaultresponse.com\/es\/wp-json\/wp\/v2\/pages\/248","targetHints":{"allow":["GET"]}}],"collection":[{"href":"https:\/\/sexualassaultresponse.com\/es\/wp-json\/wp\/v2\/pages"}],"about":[{"href":"https:\/\/sexualassaultresponse.com\/es\/wp-json\/wp\/v2\/types\/page"}],"author":[{"embeddable":true,"href":"https:\/\/sexualassaultresponse.com\/es\/wp-json\/wp\/v2\/users\/1"}],"replies":[{"embeddable":true,"href":"https:\/\/sexualassaultresponse.com\/es\/wp-json\/wp\/v2\/comments?post=248"}],"version-history":[{"count":5,"href":"https:\/\/sexualassaultresponse.com\/es\/wp-json\/wp\/v2\/pages\/248\/revisions"}],"predecessor-version":[{"id":592,"href":"https:\/\/sexualassaultresponse.com\/es\/wp-json\/wp\/v2\/pages\/248\/revisions\/592"}],"wp:attachment":[{"href":"https:\/\/sexualassaultresponse.com\/es\/wp-json\/wp\/v2\/media?parent=248"}],"curies":[{"name":"wp","href":"https:\/\/api.w.org\/{rel}","templated":true}]}}